{"id":755,"date":"2018-09-27T18:01:47","date_gmt":"2018-09-27T16:01:47","guid":{"rendered":"http:\/\/teletec.firmennest.com\/unternehmen\/"},"modified":"2023-01-05T13:36:08","modified_gmt":"2023-01-05T12:36:08","slug":"unternehmen","status":"publish","type":"page","link":"https:\/\/www.teletec-gmbh.de\/en\/unternehmen\/","title":{"rendered":"Unternehmen"},"content":{"rendered":"<div id=\"pl-755\"  class=\"panel-layout\" >\n<div id=\"pg-755-0\"  class=\"panel-grid panel-has-style\"  data-style=\"{&quot;class&quot;:&quot;main-gradient bg-image-opacity usp&quot;,&quot;background_image_attachment&quot;:&quot;589&quot;,&quot;background_image_attachment_fallback&quot;:false,&quot;background_display&quot;:&quot;cover&quot;,&quot;gutter&quot;:&quot;30px&quot;,&quot;row_stretch&quot;:&quot;full-stretched&quot;,&quot;cell_alignment&quot;:&quot;flex-start&quot;}\"  data-ratio=\"1\"  data-ratio-direction=\"right\" >\n<div class=\"main-gradient bg-image-opacity usp siteorigin-panels-stretch panel-row-style panel-row-style-for-755-0\" data-stretch-type=\"full-stretched\" >\n<div id=\"pgc-755-0-0\"  class=\"panel-grid-cell\"  data-weight=\"0.25\" >\n<div id=\"panel-755-0-0-0\" class=\"so-panel widget widget_sow-editor panel-first-child panel-last-child\" data-index=\"0\" data-style=\"{&quot;background_image_attachment&quot;:false,&quot;background_display&quot;:&quot;tile&quot;}\" >\n<div class=\"so-widget-sow-editor so-widget-sow-editor-base\">\n<div class=\"siteorigin-widget-tinymce textwidget\">\n<p style=\"text-align: center;\"><i class=\"fal fa-thumbs-up\"><\/i><\/p>\n<p class=\"uk-h3\" style=\"text-align: center;\">Kundenzufriedenheit<\/p>\n<p style=\"text-align: center;\">TELETEC legt h\u00f6chsten Wert auf qualitativ einwandfreie Produkte, \u00fcberdurchschnittliche Serviceleistungen und Zuverl\u00e4ssigkeit. Denn die Zufriedenheit unserer Kunden ist Basis des langfristigen Unternehmenserfolgs und sichert Arbeitspl\u00e4tze.<\/p>\n<\/div>\n<\/div>\n<\/div>\n<\/div>\n<div id=\"pgc-755-0-1\"  class=\"panel-grid-cell\"  data-weight=\"0.25\" >\n<div id=\"panel-755-0-1-0\" class=\"so-panel widget widget_sow-editor panel-first-child panel-last-child\" data-index=\"1\" data-style=\"{&quot;background_image_attachment&quot;:false,&quot;background_display&quot;:&quot;tile&quot;}\" >\n<div class=\"so-widget-sow-editor so-widget-sow-editor-base\">\n<div class=\"siteorigin-widget-tinymce textwidget\">\n<p style=\"text-align: center;\"><i class=\"fal fa-lightbulb\"><\/i><\/p>\n<p class=\"uk-h3\" style=\"text-align: center;\">Innovation<\/p>\n<p style=\"text-align: center;\">TELETEC ist ein innovatives Unternehmen. Der Entwicklung wird in allen Gesch\u00e4ftsbereichen besondere Bedeutung zugemessen. Erfolgreiche Innovation bei Produkten, Verfahren, im Vertrieb und in der Verwaltung st\u00e4rkt unsere Zukunft.<\/p>\n<\/div>\n<\/div>\n<\/div>\n<\/div>\n<div id=\"pgc-755-0-2\"  class=\"panel-grid-cell\"  data-weight=\"0.25\" >\n<div id=\"panel-755-0-2-0\" class=\"so-panel widget widget_sow-editor panel-first-child panel-last-child\" data-index=\"2\" data-style=\"{&quot;background_image_attachment&quot;:false,&quot;background_display&quot;:&quot;tile&quot;}\" >\n<div class=\"so-widget-sow-editor so-widget-sow-editor-base\">\n<div class=\"siteorigin-widget-tinymce textwidget\">\n<p style=\"text-align: center;\"><i class=\"fal fa-sitemap\"><\/i><\/p>\n<p class=\"uk-h3\" style=\"text-align: center;\">Organisation<\/p>\n<p style=\"text-align: center;\">TELETEC baut auf Organisationsstrukturen und Abl\u00e4ufe, die Schnelligkeit und Flexibilit\u00e4t f\u00f6rdern. Unsere Organisation ist Mittel zum Zweck. Sie soll h\u00f6chste Leistungsf\u00e4higkeit gegen\u00fcber unseren Kunden gew\u00e4hrleisten.<\/p>\n<\/div>\n<\/div>\n<\/div>\n<\/div>\n<div id=\"pgc-755-0-3\"  class=\"panel-grid-cell\"  data-style=\"{&quot;background_image_attachment&quot;:false,&quot;background_display&quot;:&quot;tile&quot;,&quot;vertical_alignment&quot;:&quot;auto&quot;}\"  data-weight=\"0.25\" >\n<div id=\"panel-755-0-3-0\" class=\"so-panel widget widget_sow-editor panel-first-child panel-last-child\" data-index=\"3\" data-style=\"{&quot;background_image_attachment&quot;:false,&quot;background_display&quot;:&quot;tile&quot;}\" >\n<div class=\"so-widget-sow-editor so-widget-sow-editor-base\">\n<div class=\"siteorigin-widget-tinymce textwidget\">\n<p style=\"text-align: center;\"><i class=\"fal fa-user\"><\/i><\/p>\n<p class=\"uk-h3\" style=\"text-align: center;\">Mitarbeiter<\/p>\n<p style=\"text-align: center;\">TELETEC f\u00f6rdert ein Arbeitsumfeld mit unternehmerischen Freir\u00e4umen sowie kontinuierlichen Qualifikations- und F\u00f6rderungsma\u00dfnahmen f\u00fcr alle Mitarbeiter. Im Umgang zwischen den Besch\u00e4ftigten der TELETEC GmbH legen wir Wert auf gegenseitige Achtung, Verst\u00e4ndnis und Vertrauen.<\/p>\n<\/div>\n<\/div>\n<\/div>\n<\/div>\n<\/div>\n<\/div>\n<div id=\"pg-755-1\"  class=\"panel-grid panel-no-style\"  data-style=\"{&quot;background_image_attachment&quot;:false,&quot;background_display&quot;:&quot;tile&quot;,&quot;cell_alignment&quot;:&quot;flex-start&quot;}\"  data-ratio=\"1\"  data-ratio-direction=\"right\" >\n<div id=\"pgc-755-1-0\"  class=\"panel-grid-cell\"  data-weight=\"1\" >\n<div id=\"panel-755-1-0-0\" class=\"so-panel widget widget_sow-editor panel-first-child panel-last-child\" data-index=\"4\" data-style=\"{&quot;class&quot;:&quot;uk-container&quot;,&quot;background_image_attachment&quot;:false,&quot;background_display&quot;:&quot;tile&quot;}\" >\n<div class=\"uk-container panel-widget-style panel-widget-style-for-755-1-0-0\" >\n<div class=\"so-widget-sow-editor so-widget-sow-editor-base\">\n<div class=\"siteorigin-widget-tinymce textwidget\">\n<p style=\"text-align: center;\">TELETEC ist nach <a href=\"https:\/\/www.teletec-gmbh.de\/wp-content\/uploads\/2019\/01\/33511ms_en.pdf\" target=\"_blank\" rel=\"noopener\">DIN EN ISO 9001:2015<\/a> zertifiziert und darauf spezialisiert, Sicherheits-Funkfernsteuerungen f\u00fcr Industrieanwendungen ma\u00dfgeschneidert zu fertigen.<\/p>\n<h1 style=\"text-align: center;\">Qualit\u00e4t<\/h1>\n<p style=\"text-align: center;\">Wir haben h\u00f6chste Anspr\u00fcche an die Qualit\u00e4t unserer Produkte und L\u00f6sungen \u2013 bei der Produktentwicklung, im Produktionsprozess und w\u00e4hrend der Auslieferung. Denn Kundenorientierung steht bei TELETEC stets im Vordergrund. Und Qualit\u00e4t liefern, hei\u00dft f\u00fcr uns, die Erwartungen unserer Kunden auf ganzer Linie zu erf\u00fcllen.<\/p>\n<p style=\"text-align: center;\">Die Qualit\u00e4tssicherung, integriert in alle Prozesse, ist f\u00fcr uns Standard. Dabei stellen wir die Fehlervermeidung vor die Fehlererkennung, erweitern kontinuierlich unsere Qualit\u00e4tsvorausplanung und systematisieren Abl\u00e4ufe und Organisation.<\/p>\n<h1 style=\"text-align: center;\">Integrit\u00e4t und Umwelt<\/h1>\n<p style=\"text-align: center;\">TELETEC ist ein verl\u00e4sslicher Gesch\u00e4ftspartner und Arbeitgeber.<br \/>\nUmweltbewusstes Handeln hat einen hohen Stellenwert.<\/p>\n<\/div>\n<\/div>\n<\/div>\n<\/div>\n<\/div>\n<\/div>\n<div id=\"pg-755-2\"  class=\"panel-grid panel-has-style\"  data-style=\"{&quot;background_image_attachment&quot;:false,&quot;background_display&quot;:&quot;tile&quot;,&quot;bottom_margin&quot;:&quot;0px&quot;,&quot;row_stretch&quot;:&quot;full-stretched&quot;,&quot;cell_alignment&quot;:&quot;flex-start&quot;}\"  data-ratio=\"1\"  data-ratio-direction=\"right\" >\n<div class=\"siteorigin-panels-stretch panel-row-style panel-row-style-for-755-2\" data-stretch-type=\"full-stretched\" >\n<div id=\"pgc-755-2-0\"  class=\"panel-grid-cell\"  data-weight=\"1\" >\n<div id=\"panel-755-2-0-0\" class=\"so-panel widget widget_sow-editor panel-first-child panel-last-child\" data-index=\"5\" data-style=\"{&quot;background_image_attachment&quot;:false,&quot;background_display&quot;:&quot;tile&quot;}\" >\n<div class=\"so-widget-sow-editor so-widget-sow-editor-base\">\n<div class=\"siteorigin-widget-tinymce textwidget\">\n<div class=\"main-gradient cta small-padding\">\n      <div uk-grid class=\"uk-flex uk-flex-middle\">\n        <div class=\"uk-text-center uk-width-1-1 uk-width-1-2@s uk-text-left@s uk-width-auto@l\">\n          <p class=\"uk-font-black-primary\"><em>Service<\/em><\/p>\n          <p class=\"uk-h2\"><em>Call us now!<\/em><\/p>\n        <\/div>\n        <div class=\"uk-width-1-1 uk-width-1-2@s uk-width-auto@l uk-margin-large-left@l\">\n          <div class=\"opentimes\">      <div>\n        <span class=\"days\">Mo - Do<\/span>\n        <span class=\"time\">07:00 am - 18:00 pm<\/span>\n      <\/div>      <div>\n        <span class=\"days\">Fr<\/span>\n        <span class=\"time\">07:00 am - 15:00 pm<\/span>\n      <\/div><\/div>        <\/div>\n        <div class=\"uk-width-1-1 uk-width-1-4@l uk-margin-auto-left\">\n          <div class=\"contact-icons\">\n      <div class=\"uk-child-width-1-3\" uk-grid>\n        <div>\n          <div class=\"slide\">\n            <div><i class=\"fal fa-phone\"><\/i><\/div>\n            <div><a href=\"tel:+49 30 5360608-0\">+49 30 5360608-0<\/a><\/div>\n          <\/div>\n        <\/div>\n        <div>\n          <div class=\"slide\">\n            <div><i class=\"fal fa-envelope\"><\/i><\/div>\n            <div><a href=\"mailto:inf&#111;&#64;t&#101;l&#101;&#116;e&#99;-g&#109;&#98;h&#46;&#100;&#101;\">&#105;n&#102;&#111;&#64;t&#101;&#108;et&#101;c&#45;&#103;m&#98;h&#46;&#100;&#101;<\/a><\/div>\n          <\/div>\n        <\/div>\n        <div>\n          <div class=\"slide\">\n            <div><i class=\"fal fa-pen\"><\/i><\/div>\n            <div><a href=\"https:\/\/www.teletec-gmbh.de\/kontakt\/\">Contact us!<\/a><\/div>\n          <\/div>\n        <\/div>\n      <\/div>\n    <\/div>        <\/div>\n      <\/div>\n    <\/div>\n<\/div>\n<\/div>\n<\/div>\n<\/div>\n<\/div>\n<\/div>\n<\/div>\n","protected":false},"excerpt":{"rendered":"<p>Kundenzufriedenheit TELETEC legt h\u00f6chsten Wert auf qualitativ einwandfreie Produkte, \u00fcberdurchschnittliche Serviceleistungen und Zuverl\u00e4ssigkeit. Denn die Zufriedenheit unserer Kunden ist Basis des langfristigen Unternehmenserfolgs und sichert Arbeitspl\u00e4tze. Innovation TELETEC ist ein innovatives Unternehmen. Der Entwicklung wird in allen Gesch\u00e4ftsbereichen besondere Bedeutung zugemessen. Erfolgreiche Innovation bei Produkten, Verfahren, im Vertrieb und in der Verwaltung st\u00e4rkt unsere Zukunft. [&hellip;]<\/p>\n","protected":false},"author":1,"featured_media":0,"parent":0,"menu_order":0,"comment_status":"closed","ping_status":"closed","template":"","meta":{"_acf_changed":false,"footnotes":""},"class_list":["post-755","page","type-page","status-publish","hentry"],"acf":[],"_links":{"self":[{"href":"https:\/\/www.teletec-gmbh.de\/en\/wp-json\/wp\/v2\/pages\/755","targetHints":{"allow":["GET"]}}],"collection":[{"href":"https:\/\/www.teletec-gmbh.de\/en\/wp-json\/wp\/v2\/pages"}],"about":[{"href":"https:\/\/www.teletec-gmbh.de\/en\/wp-json\/wp\/v2\/types\/page"}],"author":[{"embeddable":true,"href":"https:\/\/www.teletec-gmbh.de\/en\/wp-json\/wp\/v2\/users\/1"}],"replies":[{"embeddable":true,"href":"https:\/\/www.teletec-gmbh.de\/en\/wp-json\/wp\/v2\/comments?post=755"}],"version-history":[{"count":6,"href":"https:\/\/www.teletec-gmbh.de\/en\/wp-json\/wp\/v2\/pages\/755\/revisions"}],"predecessor-version":[{"id":1130,"href":"https:\/\/www.teletec-gmbh.de\/en\/wp-json\/wp\/v2\/pages\/755\/revisions\/1130"}],"wp:attachment":[{"href":"https:\/\/www.teletec-gmbh.de\/en\/wp-json\/wp\/v2\/media?parent=755"}],"curies":[{"name":"wp","href":"https:\/\/api.w.org\/{rel}","templated":true}]}}